{"id":616,"date":"2026-04-29T13:10:00","date_gmt":"2026-04-29T12:10:00","guid":{"rendered":"https:\/\/energy.aau.at\/wordpress\/?page_id=616"},"modified":"2026-04-29T13:29:52","modified_gmt":"2026-04-29T12:29:52","slug":"cluster-membership","status":"publish","type":"page","link":"https:\/\/energy.aau.at\/wordpress\/?page_id=616","title":{"rendered":"Cluster Membership"},"content":{"rendered":"\n<div class=\"lang-switch-wrapper\" style=\"margin-bottom: 25px; display: flex; gap: 10px; font-family: sans-serif;\">\n    <button onclick=\"toggleEnergyLang('de')\" id=\"btn-lang-de\" style=\"padding: 8px 16px; cursor: pointer; border: 2px solid #003366; background: #fff; color: #003366; border-radius: 4px; font-weight: bold; transition: all 0.2s;\">Deutsch<\/button>\n    <button onclick=\"toggleEnergyLang('en')\" id=\"btn-lang-en\" style=\"padding: 8px 16px; cursor: pointer; border: 2px solid #003366; background: #003366; color: #fff; border-radius: 4px; font-weight: bold; transition: all 0.2s;\">English<\/button>\n<\/div>\n\n<div id=\"wrapper-en\">\n    <h2 style=\"font-size: 1.6rem; margin-bottom: 15px;\">Join the Cluster!<\/h2>\n    <p>We invite researchers from all faculties and disciplines to participate in our interdisciplinary research cluster on energy systems.<\/p>\n    <p>Cluster meetings take place on campus at the University of Klagenfurt. Your contact details will be used exclusively for cluster communications.<\/p>\n    \n    <div style=\"margin: 20px 0; padding: 15px; background: #fdfdfd; border: 1px solid #eee;\">\n        <div class='fluentform ff-default fluentform_wrapper_1 ffs_default_wrap'><form data-form_id=\"1\" id=\"fluentform_1\" class=\"frm-fluent-form fluent_form_1 ff-el-form-top ff_form_instance_1_1 ff-form-loading ffs_default\" data-form_instance=\"ff_form_instance_1_1\" method=\"POST\" ><fieldset  style=\"border: none!important;margin: 0!important;padding: 0!important;background-color: transparent!important;box-shadow: none!important;outline: none!important; min-inline-size: 100%;\">\n                    <legend class=\"ff_screen_reader_title\" style=\"display: block; margin: 0!important;padding: 0!important;height: 0!important;text-indent: -999999px;width: 0!important;overflow:hidden;\">Cluster Membership Form<\/legend><input type='hidden' name='__fluent_form_embded_post_id' value='616' \/><input type=\"hidden\" id=\"_fluentform_1_fluentformnonce\" name=\"_fluentform_1_fluentformnonce\" value=\"3badefe922\" \/><input type=\"hidden\" name=\"_wp_http_referer\" value=\"\/wordpress\/index.php?rest_route=%2Fwp%2Fv2%2Fpages%2F616\" \/><div data-type=\"name-element\" data-name=\"names\" class=\" ff-field_container ff-name-field-wrapper\" ><div class='ff-t-container'><div class='ff-t-cell '><div class='ff-el-group'><div class=\"ff-el-input--label ff-el-is-required asterisk-right\"><label for='ff_1_names_first_name_' id='label_ff_1_names_first_name_' >First Name<\/label><\/div><div class='ff-el-input--content'><input type=\"text\" name=\"names[first_name]\" id=\"ff_1_names_first_name_\" class=\"ff-el-form-control\" placeholder=\"First Name\" aria-invalid=\"false\" aria-required=true><\/div><\/div><\/div><div class='ff-t-cell '><div class='ff-el-group'><div class=\"ff-el-input--label ff-el-is-required asterisk-right\"><label for='ff_1_names_last_name_' id='label_ff_1_names_last_name_' >Last Name<\/label><\/div><div class='ff-el-input--content'><input type=\"text\" name=\"names[last_name]\" id=\"ff_1_names_last_name_\" class=\"ff-el-form-control\" placeholder=\"Last Name\" aria-invalid=\"false\" aria-required=true><\/div><\/div><\/div><\/div><\/div><div class='ff-el-group'><div class=\"ff-el-input--label ff-el-is-required asterisk-right\"><label for='ff_1_email' id='label_ff_1_email' aria-label=\"Email\">Email<\/label><\/div><div class='ff-el-input--content'><input type=\"email\" name=\"email\" id=\"ff_1_email\" class=\"ff-el-form-control\" placeholder=\"Email Address\" data-name=\"email\"  aria-invalid=\"false\" aria-required=true><\/div><\/div><div class='ff-el-group'><div class=\"ff-el-input--label asterisk-right\"><label for='ff_1_input_text' id='label_ff_1_input_text' aria-label=\"Affiliation \/ Institute\">Affiliation \/ Institute<\/label><\/div><div class='ff-el-input--content'><input type=\"text\" name=\"input_text\" class=\"ff-el-form-control\" placeholder=\"Affiliation \/ Institute \" data-name=\"input_text\" id=\"ff_1_input_text\"  aria-invalid=\"false\" aria-required=false><\/div><\/div><div class='ff-el-group'><div class='ff-el-input--content'><div class='ff-el-form-check ff-el-form-check-'><label class='ff-el-form-check-label' for='checkbox_e5f1b3ea201654b94256361226e1e6e6'><input  type=\"checkbox\" name=\"checkbox[]\" data-name=\"checkbox\" class=\"ff-el-form-check-input ff-el-form-check-checkbox\" value=\"Please add me to the mailing list. (Low-traffic: fewer than one email per month on average \u2014 mainly invitations to meetings.)\"  id='checkbox_e5f1b3ea201654b94256361226e1e6e6' aria-label='Please add me to the mailing list. (Low-traffic: fewer than one email per month on average \u2014 mainly invitations to meetings.)' aria-invalid='false' aria-required=false> <span>Please add me to the mailing list. (Low-traffic: fewer than one email per month on average \u2014 mainly invitations to meetings.)<\/span><\/label><\/div><\/div><\/div><div class='ff-el-group'><div class=\"ff-el-input--label asterisk-right\"><label   aria-label=\"I am interested in: (select all that apply)\">I am interested in: (select all that apply)<\/label><\/div><div class='ff-el-input--content'><div class='ff-el-form-check ff-el-form-check-'><label class='ff-el-form-check-label' for='checkbox_1_28afe6f67b1a25af0ce9f22907da079b'><input  type=\"checkbox\" name=\"checkbox_1[]\" data-name=\"checkbox_1\" class=\"ff-el-form-check-input ff-el-form-check-checkbox\" value=\"Attending cluster meetings\"  id='checkbox_1_28afe6f67b1a25af0ce9f22907da079b' aria-label='Attending cluster meetings' aria-invalid='false' aria-required=false> <span>Attending cluster meetings<\/span><\/label><\/div><div class='ff-el-form-check ff-el-form-check-'><label class='ff-el-form-check-label' for='checkbox_1_625f60905f6c30f50d90204078e10851'><input  type=\"checkbox\" name=\"checkbox_1[]\" data-name=\"checkbox_1\" class=\"ff-el-form-check-input ff-el-form-check-checkbox\" value=\"Presenting my work to an interdisciplinary group\"  id='checkbox_1_625f60905f6c30f50d90204078e10851' aria-label='Presenting my work to an interdisciplinary group' aria-invalid='false' aria-required=false> <span>Presenting my work to an interdisciplinary group<\/span><\/label><\/div><div class='ff-el-form-check ff-el-form-check-'><label class='ff-el-form-check-label' for='checkbox_1_6aabd42391b4582db7f3b66a4e556116'><input  type=\"checkbox\" name=\"checkbox_1[]\" data-name=\"checkbox_1\" class=\"ff-el-form-check-input ff-el-form-check-checkbox\" value=\" Exploring teaching collaborations\"  id='checkbox_1_6aabd42391b4582db7f3b66a4e556116' aria-label='Exploring teaching collaborations' aria-invalid='false' aria-required=false> <span> Exploring teaching collaborations<\/span><\/label><\/div><div class='ff-el-form-check ff-el-form-check-'><label class='ff-el-form-check-label' for='checkbox_1_151e951280898e26482f2cd74e3d4662'><input  type=\"checkbox\" name=\"checkbox_1[]\" data-name=\"checkbox_1\" class=\"ff-el-form-check-input ff-el-form-check-checkbox\" value=\"Co-supervising academic theses\"  id='checkbox_1_151e951280898e26482f2cd74e3d4662' aria-label='Co-supervising academic theses' aria-invalid='false' aria-required=false> <span>Co-supervising academic theses<\/span><\/label><\/div><div class='ff-el-form-check ff-el-form-check-'><label class='ff-el-form-check-label' for='checkbox_1_1960549f166aacea8e1ee8b3fa98aadd'><input  type=\"checkbox\" name=\"checkbox_1[]\" data-name=\"checkbox_1\" class=\"ff-el-form-check-input ff-el-form-check-checkbox\" value=\"Developing joint project proposals (e.g. FFG, FWF, Horizon)\"  id='checkbox_1_1960549f166aacea8e1ee8b3fa98aadd' aria-label='Developing joint project proposals (e.g. FFG, FWF, Horizon)' aria-invalid='false' aria-required=false> <span>Developing joint project proposals (e.g. FFG, FWF, Horizon)<\/span><\/label><\/div><div class='ff-el-form-check ff-el-form-check-'><label class='ff-el-form-check-label' for='checkbox_1_62f173d02470c393c3f195e95694d0dd'><input  type=\"checkbox\" name=\"checkbox_1[]\" data-name=\"checkbox_1\" class=\"ff-el-form-check-input ff-el-form-check-checkbox\" value=\"Staying informed about current developments in energy systems research\"  id='checkbox_1_62f173d02470c393c3f195e95694d0dd' aria-label='Staying informed about current developments in energy systems research' aria-invalid='false' aria-required=false> <span>Staying informed about current developments in energy systems research<\/span><\/label><\/div><\/div><\/div><div class='ff-el-group'><div class=\"ff-el-input--label asterisk-right\"><label for='ff_1_message' id='label_ff_1_message' aria-label=\"Other\">Other<\/label><\/div><div class='ff-el-input--content'><textarea aria-required=\"false\" aria-labelledby=\"label_ff_1_message\" name=\"message\" id=\"ff_1_message\" class=\"ff-el-form-control\" placeholder=\"Further contribution interests\" rows=\"4\" cols=\"2\" data-name=\"message\" ><\/textarea><\/div><\/div><div class='ff-el-group'><div class=\"ff-el-input--label asterisk-right\"><label for='ff_1_message_1' id='label_ff_1_message_1' aria-label=\"Comments or research interests\">Comments or research interests<\/label><\/div><div class='ff-el-input--content'><textarea aria-required=\"false\" aria-labelledby=\"label_ff_1_message_1\" name=\"message_1\" id=\"ff_1_message_1\" class=\"ff-el-form-control\" rows=\"4\" cols=\"2\" data-name=\"message_1\" ><\/textarea><\/div><\/div><div class='ff-el-group ff-text-left ff_submit_btn_wrapper'><button type=\"submit\" class=\"ff-btn ff-btn-submit ff-btn-md ff_btn_style wpf_has_custom_css\"  aria-label=\"Submit Form\">Submit Form<\/button><\/div><\/fieldset><\/form><div id='fluentform_1_errors' class='ff-errors-in-stack ff_form_instance_1_1 ff-form-loading_errors ff_form_instance_1_1_errors'><\/div><\/div>            <script type=\"text\/javascript\">\n                window.fluent_form_ff_form_instance_1_1 = {\"id\":\"1\",\"ajaxUrl\":\"https:\\\/\\\/energy.aau.at\\\/wordpress\\\/wp-admin\\\/admin-ajax.php\",\"settings\":{\"layout\":{\"labelPlacement\":\"top\",\"helpMessagePlacement\":\"with_label\",\"errorMessagePlacement\":\"inline\",\"cssClassName\":\"\",\"asteriskPlacement\":\"asterisk-right\"},\"restrictions\":{\"denyEmptySubmission\":{\"enabled\":false}}},\"form_instance\":\"ff_form_instance_1_1\",\"form_id_selector\":\"fluentform_1\",\"rules\":{\"names[first_name]\":{\"required\":{\"value\":true,\"message\":\"This field is required\",\"global\":false,\"global_message\":\"This field is required\"}},\"names[middle_name]\":{\"required\":{\"value\":false,\"message\":\"This field is required\",\"global\":false,\"global_message\":\"This field is required\"}},\"names[last_name]\":{\"required\":{\"value\":true,\"message\":\"This field is required\",\"global\":false,\"global_message\":\"This field is required\"}},\"email\":{\"required\":{\"value\":true,\"message\":\"This field is required\",\"global\":false,\"global_message\":\"This field is required\"},\"email\":{\"value\":true,\"message\":\"This field must contain a valid email\",\"global\":false,\"global_message\":\"This field must contain a valid email\"}},\"input_text\":{\"required\":{\"value\":false,\"message\":\"This field is required\",\"global_message\":\"This field is required\",\"global\":true}},\"checkbox\":{\"required\":{\"value\":false,\"message\":\"This field is required\",\"global_message\":\"This field is required\",\"global\":true}},\"checkbox_1\":{\"required\":{\"value\":false,\"message\":\"This field is required\",\"global_message\":\"This field is required\",\"global\":true}},\"message\":{\"required\":{\"value\":false,\"message\":\"This field is required\",\"global\":false,\"global_message\":\"This field is required\"}},\"message_1\":{\"required\":{\"value\":false,\"message\":\"This field is required\",\"global\":false,\"global_message\":\"This field is required\"}}},\"debounce_time\":300};\n                            <\/script>\n            \n    <\/div>\n\n    <p style=\"margin-top: 20px; border-top: 1px solid #eee; padding-top: 10px;\">\n        Questions? <a href=\"https:\/\/www.aau.at\/team\/elmenreich-wilfried\/\" style=\"color: #003366;\">Contact Wilfried Elmenreich<\/a>\n    <\/p>\n<\/div>\n\n<div id=\"wrapper-de\" style=\"display: none;\">\n    <h2 style=\"font-size: 1.6rem; margin-bottom: 15px;\">Werden Sie Teil des Clusters!<\/h2>\n    <p>Wir laden Forscherinnen und Forscher aller Fakult\u00e4ten und Disziplinen ein, an unserem interdisziplin\u00e4ren Forschungscluster zu Energiesystemen teilzunehmen.<\/p>\n    <p>Die Cluster-Treffen finden auf dem Campus der Universit\u00e4t Klagenfurt statt. Ihre Kontaktdaten werden ausschlie\u00dflich f\u00fcr die interne Kommunikation verwendet.<\/p>\n    \n    <div style=\"margin: 20px 0; padding: 15px; background: #fdfdfd; border: 1px solid #eee;\">\n        <div class='fluentform ff-default fluentform_wrapper_4 ffs_default_wrap'><form data-form_id=\"4\" id=\"fluentform_4\" class=\"frm-fluent-form fluent_form_4 ff-el-form-top ff_form_instance_4_2 ff-form-loading ffs_default\" data-form_instance=\"ff_form_instance_4_2\" method=\"POST\" ><fieldset  style=\"border: none!important;margin: 0!important;padding: 0!important;background-color: transparent!important;box-shadow: none!important;outline: none!important; min-inline-size: 100%;\">\n                    <legend class=\"ff_screen_reader_title\" style=\"display: block; margin: 0!important;padding: 0!important;height: 0!important;text-indent: -999999px;width: 0!important;overflow:hidden;\">Cluster Membership Form - German<\/legend><input type='hidden' name='__fluent_form_embded_post_id' value='616' \/><input type=\"hidden\" id=\"_fluentform_4_fluentformnonce\" name=\"_fluentform_4_fluentformnonce\" value=\"3badefe922\" \/><input type=\"hidden\" name=\"_wp_http_referer\" value=\"\/wordpress\/index.php?rest_route=%2Fwp%2Fv2%2Fpages%2F616\" \/><div data-type=\"name-element\" data-name=\"names\" class=\" ff-field_container ff-name-field-wrapper\" ><div class='ff-t-container'><div class='ff-t-cell '><div class='ff-el-group'><div class=\"ff-el-input--label ff-el-is-required asterisk-right\"><label for='ff_4_2_names_first_name_' id='label_ff_4_2_names_first_name_' >Vorname<\/label><\/div><div class='ff-el-input--content'><input type=\"text\" name=\"names[first_name]\" id=\"ff_4_2_names_first_name_\" class=\"ff-el-form-control\" placeholder=\"Vorname\" aria-invalid=\"false\" aria-required=true><\/div><\/div><\/div><div class='ff-t-cell '><div class='ff-el-group'><div class=\"ff-el-input--label ff-el-is-required asterisk-right\"><label for='ff_4_2_names_last_name_' id='label_ff_4_2_names_last_name_' >Nachname<\/label><\/div><div class='ff-el-input--content'><input type=\"text\" name=\"names[last_name]\" id=\"ff_4_2_names_last_name_\" class=\"ff-el-form-control\" placeholder=\"Nachname\" aria-invalid=\"false\" aria-required=true><\/div><\/div><\/div><\/div><\/div><div class='ff-el-group'><div class=\"ff-el-input--label ff-el-is-required asterisk-right\"><label for='ff_4_2_email' id='label_ff_4_2_email' aria-label=\"Email\">Email<\/label><\/div><div class='ff-el-input--content'><input type=\"email\" name=\"email\" id=\"ff_4_2_email\" class=\"ff-el-form-control\" placeholder=\"Email Addresse\" data-name=\"email\"  aria-invalid=\"false\" aria-required=true><\/div><\/div><div class='ff-el-group'><div class=\"ff-el-input--label asterisk-right\"><label for='ff_4_2_input_text' id='label_ff_4_2_input_text' aria-label=\"Institut \/ Organisationseinheit\">Institut \/ Organisationseinheit<\/label><\/div><div class='ff-el-input--content'><input type=\"text\" name=\"input_text\" class=\"ff-el-form-control\" placeholder=\"Institut \/ Organisationseinheit\" data-name=\"input_text\" id=\"ff_4_2_input_text\"  aria-invalid=\"false\" aria-required=false><\/div><\/div><div class='ff-el-group'><div class='ff-el-input--content'><div class='ff-el-form-check ff-el-form-check-'><label class='ff-el-form-check-label' for='checkbox_29eeba5215772be869c2576932f412bc'><input  type=\"checkbox\" name=\"checkbox[]\" data-name=\"checkbox\" class=\"ff-el-form-check-input ff-el-form-check-checkbox\" value=\"Bitte f\u00fcgen Sie mich zur Mailingliste hinzu. (Geringes Aufkommen: im Schnitt weniger als eine E-Mail pro Monat \u2014 haupts\u00e4chlich Einladungen zu Meetings.)\"  id='checkbox_29eeba5215772be869c2576932f412bc' aria-label='Bitte f\u00fcgen Sie mich zur Mailingliste hinzu. (Geringes Aufkommen: im Schnitt weniger als eine E-Mail pro Monat \u2014 haupts\u00e4chlich Einladungen zu Meetings.)' aria-invalid='false' aria-required=false> <span>Bitte f\u00fcgen Sie mich zur Mailingliste hinzu. (Geringes Aufkommen: im Schnitt weniger als eine E-Mail pro Monat \u2014 haupts\u00e4chlich Einladungen zu Meetings.)<\/span><\/label><\/div><\/div><\/div><div class='ff-el-group'><div class=\"ff-el-input--label asterisk-right\"><label   aria-label=\"Ich interessiere mich f\u00fcr: (Mehrfachauswahl m\u00f6glich)\">Ich interessiere mich f\u00fcr: (Mehrfachauswahl m\u00f6glich)<\/label><\/div><div class='ff-el-input--content'><div class='ff-el-form-check ff-el-form-check-'><label class='ff-el-form-check-label' for='checkbox_1_eb49e891669bf714b23fb54407e6cc33'><input  type=\"checkbox\" name=\"checkbox_1[]\" data-name=\"checkbox_1\" class=\"ff-el-form-check-input ff-el-form-check-checkbox\" value=\"Teilnahme an Cluster-Meetings\"  id='checkbox_1_eb49e891669bf714b23fb54407e6cc33' aria-label='Teilnahme an Cluster-Meetings' aria-invalid='false' aria-required=false> <span>Teilnahme an Cluster-Meetings<\/span><\/label><\/div><div class='ff-el-form-check ff-el-form-check-'><label class='ff-el-form-check-label' for='checkbox_1_25b1d4900ec8db965ec1e7ac2ee9996d'><input  type=\"checkbox\" name=\"checkbox_1[]\" data-name=\"checkbox_1\" class=\"ff-el-form-check-input ff-el-form-check-checkbox\" value=\"Pr\u00e4sentation meiner Arbeit vor einer interdisziplin\u00e4ren Gruppe\"  id='checkbox_1_25b1d4900ec8db965ec1e7ac2ee9996d' aria-label='Pr\u00e4sentation meiner Arbeit vor einer interdisziplin\u00e4ren Gruppe' aria-invalid='false' aria-required=false> <span>Pr\u00e4sentation meiner Arbeit vor einer interdisziplin\u00e4ren Gruppe<\/span><\/label><\/div><div class='ff-el-form-check ff-el-form-check-'><label class='ff-el-form-check-label' for='checkbox_1_116b7a235ca5e385c9e61e108a159e52'><input  type=\"checkbox\" name=\"checkbox_1[]\" data-name=\"checkbox_1\" class=\"ff-el-form-check-input ff-el-form-check-checkbox\" value=\"M\u00f6glichkeiten zur Lehrkooperation\"  id='checkbox_1_116b7a235ca5e385c9e61e108a159e52' aria-label='M\u00f6glichkeiten zur Lehrkooperation' aria-invalid='false' aria-required=false> <span>M\u00f6glichkeiten zur Lehrkooperation<\/span><\/label><\/div><div class='ff-el-form-check ff-el-form-check-'><label class='ff-el-form-check-label' for='checkbox_1_f6101bd557a68a328773d72bcb9633fa'><input  type=\"checkbox\" name=\"checkbox_1[]\" data-name=\"checkbox_1\" class=\"ff-el-form-check-input ff-el-form-check-checkbox\" value=\"Gemeinsame Betreuung von Abschlussarbeiten\"  id='checkbox_1_f6101bd557a68a328773d72bcb9633fa' aria-label='Gemeinsame Betreuung von Abschlussarbeiten' aria-invalid='false' aria-required=false> <span>Gemeinsame Betreuung von Abschlussarbeiten<\/span><\/label><\/div><div class='ff-el-form-check ff-el-form-check-'><label class='ff-el-form-check-label' for='checkbox_1_b4ba97b77f86231419996d24fd6dfc97'><input  type=\"checkbox\" name=\"checkbox_1[]\" data-name=\"checkbox_1\" class=\"ff-el-form-check-input ff-el-form-check-checkbox\" value=\"Entwicklung gemeinsamer Projektantr\u00e4ge (z. B. FFG, FWF, Horizon)\"  id='checkbox_1_b4ba97b77f86231419996d24fd6dfc97' aria-label='Entwicklung gemeinsamer Projektantr\u00e4ge (z. B. FFG, FWF, Horizon)' aria-invalid='false' aria-required=false> <span>Entwicklung gemeinsamer Projektantr\u00e4ge (z. B. FFG, FWF, Horizon)<\/span><\/label><\/div><div class='ff-el-form-check ff-el-form-check-'><label class='ff-el-form-check-label' for='checkbox_1_1c5be3587ee7e933efe7bbb233387756'><input  type=\"checkbox\" name=\"checkbox_1[]\" data-name=\"checkbox_1\" class=\"ff-el-form-check-input ff-el-form-check-checkbox\" value=\"Information \u00fcber aktuelle Entwicklungen in der Energiesystemforschung\"  id='checkbox_1_1c5be3587ee7e933efe7bbb233387756' aria-label='Information \u00fcber aktuelle Entwicklungen in der Energiesystemforschung' aria-invalid='false' aria-required=false> <span>Information \u00fcber aktuelle Entwicklungen in der Energiesystemforschung<\/span><\/label><\/div><\/div><\/div><div class='ff-el-group'><div class=\"ff-el-input--label asterisk-right\"><label for='ff_4_2_message' id='label_ff_4_2_message' aria-label=\"Sonstiges:\">Sonstiges:<\/label><\/div><div class='ff-el-input--content'><textarea aria-required=\"false\" aria-labelledby=\"label_ff_4_2_message\" name=\"message\" id=\"ff_4_2_message\" class=\"ff-el-form-control\" placeholder=\"Weitere Themenbereiche\" rows=\"4\" cols=\"2\" data-name=\"message\" ><\/textarea><\/div><\/div><div class='ff-el-group'><div class=\"ff-el-input--label asterisk-right\"><label for='ff_4_2_message_1' id='label_ff_4_2_message_1' aria-label=\"Anmerkungen oder Forschungsinteressen\">Anmerkungen oder Forschungsinteressen<\/label><\/div><div class='ff-el-input--content'><textarea aria-required=\"false\" aria-labelledby=\"label_ff_4_2_message_1\" name=\"message_1\" id=\"ff_4_2_message_1\" class=\"ff-el-form-control\" rows=\"4\" cols=\"2\" data-name=\"message_1\" ><\/textarea><\/div><\/div><div class='ff-el-group ff-text-left ff_submit_btn_wrapper'><button type=\"submit\" class=\"ff-btn ff-btn-submit ff-btn-md ff_btn_style wpf_has_custom_css\"  aria-label=\"Submit Form\">Submit Form<\/button><\/div><\/fieldset><\/form><div id='fluentform_4_errors' class='ff-errors-in-stack ff_form_instance_4_2 ff-form-loading_errors ff_form_instance_4_2_errors'><\/div><\/div>            <script type=\"text\/javascript\">\n                window.fluent_form_ff_form_instance_4_2 = {\"id\":\"4\",\"ajaxUrl\":\"https:\\\/\\\/energy.aau.at\\\/wordpress\\\/wp-admin\\\/admin-ajax.php\",\"settings\":{\"layout\":{\"labelPlacement\":\"top\",\"helpMessagePlacement\":\"with_label\",\"errorMessagePlacement\":\"inline\",\"cssClassName\":\"\",\"asteriskPlacement\":\"asterisk-right\"},\"restrictions\":{\"denyEmptySubmission\":{\"enabled\":false}}},\"form_instance\":\"ff_form_instance_4_2\",\"form_id_selector\":\"fluentform_4\",\"rules\":{\"names[first_name]\":{\"required\":{\"value\":true,\"message\":\"This field is required\",\"global\":false,\"global_message\":\"This field is required\"}},\"names[middle_name]\":{\"required\":{\"value\":false,\"message\":\"This field is required\",\"global\":false,\"global_message\":\"This field is required\"}},\"names[last_name]\":{\"required\":{\"value\":true,\"message\":\"This field is required\",\"global\":false,\"global_message\":\"This field is required\"}},\"email\":{\"required\":{\"value\":true,\"message\":\"This field is required\",\"global\":false,\"global_message\":\"This field is required\"},\"email\":{\"value\":true,\"message\":\"This field must contain a valid email\",\"global\":false,\"global_message\":\"This field must contain a valid email\"}},\"input_text\":{\"required\":{\"value\":false,\"message\":\"This field is required\",\"global_message\":\"This field is required\",\"global\":true}},\"checkbox\":{\"required\":{\"value\":false,\"message\":\"This field is required\",\"global_message\":\"This field is required\",\"global\":true}},\"checkbox_1\":{\"required\":{\"value\":false,\"message\":\"This field is required\",\"global_message\":\"This field is required\",\"global\":true}},\"message\":{\"required\":{\"value\":false,\"message\":\"This field is required\",\"global\":false,\"global_message\":\"This field is required\"}},\"message_1\":{\"required\":{\"value\":false,\"message\":\"This field is required\",\"global\":false,\"global_message\":\"This field is required\"}}},\"debounce_time\":300};\n                            <\/script>\n            \n    <\/div>\n\n    <p style=\"margin-top: 20px; border-top: 1px solid #eee; padding-top: 10px;\">\n        Fragen? <a href=\"https:\/\/www.aau.at\/team\/elmenreich-wilfried\/\" style=\"color: #003366;\">Kontakt Wilfried Elmenreich <\/a>\n    <\/p>\n<\/div>\n\n<script>\nfunction toggleEnergyLang(lang) {\n    const de = document.getElementById('wrapper-de');\n    const en = document.getElementById('wrapper-en');\n    const btnDe = document.getElementById('btn-lang-de');\n    const btnEn = document.getElementById('btn-lang-en');\n\n    if(lang === 'de') {\n        de.style.display = 'block';\n        en.style.display = 'none';\n        \/\/ Button Styles\n        btnDe.style.background = '#003366'; btnDe.style.color = '#fff';\n        btnEn.style.background = '#fff'; btnEn.style.color = '#003366';\n    } else {\n        de.style.display = 'none';\n        en.style.display = 'block';\n        \/\/ Button Styles\n        btnEn.style.background = '#003366'; btnEn.style.color = '#fff';\n        btnDe.style.background = '#fff'; btnDe.style.color = '#003366';\n    }\n}\n<\/script>\n","protected":false},"excerpt":{"rendered":"<p>Deutsch English Join the Cluster! We invite researchers from all faculties and disciplines to participate in our interdisciplinary research cluster on energy systems. Cluster meetings take place on campus at the University of Klagenfurt. Your contact details will be used exclusively for cluster communications. Questions? Contact Wilfried Elmenreich Werden Sie Teil des Clusters! Wir laden [&hellip;]<\/p>\n","protected":false},"author":177,"featured_media":0,"parent":0,"menu_order":0,"comment_status":"closed","ping_status":"closed","template":"","meta":{"footnotes":""},"class_list":["post-616","page","type-page","status-publish","hentry"],"_links":{"self":[{"href":"https:\/\/energy.aau.at\/wordpress\/index.php?rest_route=\/wp\/v2\/pages\/616","targetHints":{"allow":["GET"]}}],"collection":[{"href":"https:\/\/energy.aau.at\/wordpress\/index.php?rest_route=\/wp\/v2\/pages"}],"about":[{"href":"https:\/\/energy.aau.at\/wordpress\/index.php?rest_route=\/wp\/v2\/types\/page"}],"author":[{"embeddable":true,"href":"https:\/\/energy.aau.at\/wordpress\/index.php?rest_route=\/wp\/v2\/users\/177"}],"replies":[{"embeddable":true,"href":"https:\/\/energy.aau.at\/wordpress\/index.php?rest_route=%2Fwp%2Fv2%2Fcomments&post=616"}],"version-history":[{"count":5,"href":"https:\/\/energy.aau.at\/wordpress\/index.php?rest_route=\/wp\/v2\/pages\/616\/revisions"}],"predecessor-version":[{"id":624,"href":"https:\/\/energy.aau.at\/wordpress\/index.php?rest_route=\/wp\/v2\/pages\/616\/revisions\/624"}],"wp:attachment":[{"href":"https:\/\/energy.aau.at\/wordpress\/index.php?rest_route=%2Fwp%2Fv2%2Fmedia&parent=616"}],"curies":[{"name":"wp","href":"https:\/\/api.w.org\/{rel}","templated":true}]}}