{"id":2,"date":"2013-01-07T13:02:48","date_gmt":"2013-01-07T12:02:48","guid":{"rendered":"https:\/\/energy.nes.aau.at\/wordpress\/?page_id=2"},"modified":"2025-04-02T21:15:39","modified_gmt":"2025-04-02T20:15:39","slug":"sample-page","status":"publish","type":"page","link":"https:\/\/energy.aau.at\/wordpress\/?page_id=2","title":{"rendered":"Impressum"},"content":{"rendered":"<div><strong>F\u00fcr den Inhalt verantwortlich<\/strong><\/div>\n<div><strong>\u00a0<\/strong><\/div>\n<div>Die jeweiligen Autoren der<\/div>\n<div><\/div>\n<div>Alpen-Adria-Universit\u00e4t Klagenfurt<br \/>\nUniversit\u00e4tsstra\u00dfe 65-67<br \/>\n9020 Klagenfurt, \u00d6sterreich<br \/>\nT +43 463 2700-5002<br \/>\nF +43 463 2700-3099<br \/>\n<a title=\"Website der AAU\" href=\"http:\/\/www.aau.at\/\">http:\/\/www.aau.at\/<\/a><\/div>\n<p>&nbsp;<\/p>\n<p><strong>Disclaimer<\/strong><\/p>\n<p>Die Alpen-Adria-Universit\u00e4t Klagenfurt beh\u00e4lt sich alle Urheberrechte an den Inhalten dieser Seite vor und \u00fcbernimmt keinerlei Haftung, Garantie oder Verantwortung f\u00fcr die Richtigkeit, Vollst\u00e4ndigkeit und Aktualit\u00e4t der Inhalte. Unerlaubtes Kopieren oder Verwenden von Inhalten dieser Website ist untersagt und bedarf der ausdr\u00fccklichen Genehmigung. Die Alpen-Adria-Universit\u00e4t Klagenfurt \u00fcbernimmt auch keine Haftung, Garantie oder Verantwortung f\u00fcr Inhalte auf von dieser Seite aus verlinkten Seiten. Aktualisierungen, \u00c4nderungen und Tippfehler vorbehalten.<\/p>\n","protected":false},"excerpt":{"rendered":"<p>F\u00fcr den Inhalt verantwortlich \u00a0 Die jeweiligen Autoren der Alpen-Adria-Universit\u00e4t Klagenfurt Universit\u00e4tsstra\u00dfe 65-67 9020 Klagenfurt, \u00d6sterreich T +43 463 2700-5002 F +43 463 2700-3099 http:\/\/www.aau.at\/ &nbsp; Disclaimer Die Alpen-Adria-Universit\u00e4t Klagenfurt beh\u00e4lt sich alle Urheberrechte an den Inhalten dieser Seite vor und \u00fcbernimmt keinerlei Haftung, Garantie oder Verantwortung f\u00fcr die Richtigkeit, Vollst\u00e4ndigkeit und Aktualit\u00e4t der Inhalte. [&hellip;]<\/p>\n","protected":false},"author":1,"featured_media":0,"parent":0,"menu_order":0,"comment_status":"closed","ping_status":"closed","template":"","meta":{"footnotes":""},"class_list":["post-2","page","type-page","status-publish","hentry"],"_links":{"self":[{"href":"https:\/\/energy.aau.at\/wordpress\/index.php?rest_route=\/wp\/v2\/pages\/2","targetHints":{"allow":["GET"]}}],"collection":[{"href":"https:\/\/energy.aau.at\/wordpress\/index.php?rest_route=\/wp\/v2\/pages"}],"about":[{"href":"https:\/\/energy.aau.at\/wordpress\/index.php?rest_route=\/wp\/v2\/types\/page"}],"author":[{"embeddable":true,"href":"https:\/\/energy.aau.at\/wordpress\/index.php?rest_route=\/wp\/v2\/users\/1"}],"replies":[{"embeddable":true,"href":"https:\/\/energy.aau.at\/wordpress\/index.php?rest_route=%2Fwp%2Fv2%2Fcomments&post=2"}],"version-history":[{"count":3,"href":"https:\/\/energy.aau.at\/wordpress\/index.php?rest_route=\/wp\/v2\/pages\/2\/revisions"}],"predecessor-version":[{"id":572,"href":"https:\/\/energy.aau.at\/wordpress\/index.php?rest_route=\/wp\/v2\/pages\/2\/revisions\/572"}],"wp:attachment":[{"href":"https:\/\/energy.aau.at\/wordpress\/index.php?rest_route=%2Fwp%2Fv2%2Fmedia&parent=2"}],"curies":[{"name":"wp","href":"https:\/\/api.w.org\/{rel}","templated":true}]}}